{"id":62,"date":"2015-03-26T21:05:24","date_gmt":"2015-03-26T20:05:24","guid":{"rendered":"http:\/\/cr-letzteherren.de\/?page_id=62"},"modified":"2025-10-08T13:31:52","modified_gmt":"2025-10-08T11:31:52","slug":"events","status":"publish","type":"page","link":"https:\/\/cr-letzteherren.de\/?page_id=62","title":{"rendered":"2 Da l\u00e4uft noch was"},"content":{"rendered":"<p>&nbsp;<\/p>\n<table width=\"422\">\n<tbody>\n<tr>\n<td style=\"background-color: #9bcfa0; width: 422px; text-align: center;\" colspan=\"4\" width=\"422\"><span style=\"color: #000000; font-size: 20px;\">Da l\u00e4uft noch was\u2026 <\/span><\/td>\n<\/tr>\n<tr>\n<td><\/td>\n<td><\/td>\n<td><span style=\"font-size: 14px; color: #000000;\"> <a href=\"http:\/\/cr-letzteherren.de\/?page_id=1287\">Die Mannschaft im Wandel der Zeit&#8230; (Mannschafts-Fotos)<\/a><\/span><\/td>\n<td><\/td>\n<\/tr>\n<tr style=\"border-color: #000000; font-size: 20px; background-color: #9bcfa0;\">\n<td colspan=\"4\">2025<\/td>\n<\/tr>\n<tr>\n<td><\/td>\n<td><span style=\"font-size: 14px;\">22. November<br \/>\n<\/span><\/td>\n<td><span style=\"font-size: 14px;\">Weihnachtsfeier im Club<\/span><\/td>\n<td><\/td>\n<\/tr>\n<tr>\n<td><\/td>\n<td><span style=\"font-size: 14px;\">27. Sept.<br \/>\n<\/span><\/td>\n<td><span style=\"font-size: 14px;\">Radtour (Start 11.00 an Club) &#8211; f\u00e4llt leider aus<\/span><\/td>\n<td><\/td>\n<\/tr>\n<tr>\n<td><\/td>\n<td><span style=\"font-size: 14px;\">09. July<br \/>\n<\/span><\/td>\n<td><span style=\"font-size: 14px;\">Unser Mannschaftskamerad Reiner Schmidt ist heute verstorben<\/span><\/td>\n<td><\/td>\n<\/tr>\n<tr>\n<td><\/td>\n<td><span style=\"font-size: 14px;\">09.-11. Mai<br \/>\n<\/span><\/td>\n<td><span style=\"font-size: 14px;\">Weintour nach Bingen<\/span><\/td>\n<td><\/td>\n<\/tr>\n<tr>\n<td><\/td>\n<td><span style=\"font-size: 14px;\">09. Mai<br \/>\n<\/span><\/td>\n<td><span style=\"font-size: 14px;\">Leider gibts auf der Tour eine traurige Nachricht. Gerd Sch\u00fcrfeld ist pl\u00f6tzlich verstorben<\/span><\/td>\n<td><\/td>\n<\/tr>\n<tr>\n<td><\/td>\n<td><span style=\"font-size: 14px;\">06. April<br \/>\n<\/span><\/td>\n<td><span style=\"font-size: 14px;\">10. Fr\u00fchjahrs-Fr\u00fchst\u00fcck<\/span><\/td>\n<td><\/td>\n<\/tr>\n<tr>\n<td><\/td>\n<td><span style=\"font-size: 14px;\">24. M\u00e4rz<br \/>\n<\/span><\/td>\n<td><span style=\"font-size: 14px;\">Peter Krebs hat uns f\u00fcr immer verlassen&#8230;<\/span><\/td>\n<td><\/td>\n<\/tr>\n<tr style=\"border-color: #000000; font-size: 20px; background-color: #9bcfa0;\">\n<td colspan=\"4\">2024<\/td>\n<\/tr>\n<tr>\n<td><\/td>\n<td><span style=\"font-size: 14px;\">23. November<br \/>\n<\/span><\/td>\n<td><span style=\"font-size: 14px;\">Weihnachtsfeier im Club<\/span><\/td>\n<td><\/td>\n<\/tr>\n<tr>\n<td><\/td>\n<td><span style=\"font-size: 14px;\">28. Sept.<br \/>\n<\/span><\/td>\n<td><span style=\"font-size: 14px;\">Radtour (11.00)<\/span><\/td>\n<td><\/td>\n<\/tr>\n<tr>\n<td><\/td>\n<td><span style=\"font-size: 14px;\">21. &#8211; 23.Juni<br \/>\n<\/span><\/td>\n<td><span style=\"font-size: 14px;\">Weintour nach Bruttig-Fankel<\/span><\/td>\n<td><\/td>\n<\/tr>\n<tr>\n<td><\/td>\n<td><span style=\"font-size: 14px;\">24. M\u00e4rz<br \/>\n<\/span><\/td>\n<td><span style=\"font-size: 14px;\">Fr\u00fchjahrs-Fr\u00fchst\u00fcck<\/span><\/td>\n<td><\/td>\n<\/tr>\n<tr>\n<td><\/td>\n<td><span style=\"font-size: 14px;\">19. M\u00e4rz<br \/>\n<\/span><\/td>\n<td><span style=\"font-size: 14px;\">Wir trauern um &#8222;unseren Horst&#8220; (Kl\u00f6nne)<\/span><\/td>\n<td><\/td>\n<\/tr>\n<tr style=\"border-color: #000000; font-size: 20px; background-color: #9bcfa0;\">\n<td colspan=\"4\">2023<\/td>\n<\/tr>\n<tr>\n<td><\/td>\n<td><span style=\"font-size: 14px;\">25. November<br \/>\n<\/span><\/td>\n<td><span style=\"font-size: 14px;\">Weihnachtsfeier im Club<\/span><\/td>\n<td><\/td>\n<\/tr>\n<tr>\n<td><\/td>\n<td><span style=\"font-size: 14px;\"> Oktober<\/span><\/td>\n<td><span style=\"font-size: 14px;\">Traditionelle Radtour der &#8222;Letzten Herren&#8220;<\/span><\/td>\n<td><\/td>\n<\/tr>\n<tr>\n<td><\/td>\n<td><span style=\"font-size: 14px;\"> 03. Oktober<\/span><\/td>\n<td><span style=\"font-size: 14px;\">Dr. &#8222;Kui&#8220; Schulze gibt das Amt des Pr\u00e4sidenten der &#8222;Letzten Herren&#8220; an Uwe Klie\u00df weiter. Diesem wiederum folgt als neuer Mannschaftsf\u00fchrer Markus Brink<\/span><\/td>\n<td><\/td>\n<\/tr>\n<tr>\n<td><\/td>\n<td><span style=\"font-size: 14px;\">September<br \/>\n<\/span><\/td>\n<td><span style=\"font-size: 14px;\">Abschiedsspiel Dr. Horst Kl\u00f6nne, Klaus Gillhausen &amp; Michael Karlshaus<br \/>\n<\/span><\/td>\n<td><\/td>\n<\/tr>\n<tr>\n<td><\/td>\n<td><span style=\"font-size: 14px;\">Juni<br \/>\n<\/span><\/td>\n<td><span style=\"font-size: 14px;\">Feier zum 80-j\u00e4hrigen Geburtstag der &#8222;Glorreichen 5&#8220;<br \/>\n<\/span><\/td>\n<td><\/td>\n<\/tr>\n<tr>\n<td><\/td>\n<td><span style=\"font-size: 14px;\">April<br \/>\n<\/span><\/td>\n<td><span style=\"font-size: 14px;\">Traditionelles Fr\u00fchjahrs-Fr\u00fchst\u00fcck der &#8222;Letzten Herren&#8220;<br \/>\n<\/span><\/td>\n<td><\/td>\n<\/tr>\n<tr style=\"border-color: #000000; font-size: 20px; background-color: #9bcfa0;\">\n<td colspan=\"4\">2022<\/td>\n<\/tr>\n<tr>\n<td><\/td>\n<td><span style=\"font-size: 14px;\">26. November<br \/>\n<\/span><\/td>\n<td><span style=\"font-size: 14px;\">Weihnachtsfeier im Club<\/span><\/td>\n<td><\/td>\n<\/tr>\n<tr>\n<td><\/td>\n<td><span style=\"font-size: 14px;\"> September<\/span><\/td>\n<td><span style=\"font-size: 14px;\">Traditionelle Radtour der &#8222;Letzten Herren&#8220;<\/span><\/td>\n<td><\/td>\n<\/tr>\n<tr>\n<td><\/td>\n<td><span style=\"font-size: 14px;\"> Juli<\/span><\/td>\n<td><span style=\"font-size: 14px;\">Sommerfest bei Herbie und Kui<\/span><\/td>\n<td><span style=\"font-size: 14px; color: #c2bebe;\"> <a href=\"http:\/\/cr-letzteherren.de\/?page_id=1026\">Galerie<\/a> <\/span><\/td>\n<\/tr>\n<tr>\n<td><\/td>\n<td><span style=\"font-size: 14px;\"> Juli<\/span><\/td>\n<td><span style=\"font-size: 14px;\">Besuch der Beuys-Ausstellung im Schloss Moyland<\/span><\/td>\n<td><\/td>\n<\/tr>\n<tr>\n<td><\/td>\n<td><span style=\"font-size: 14px;\"> 10.-12. Juni<\/span><\/td>\n<td><span style=\"font-size: 14px;\">Fl\u00f6\u00dferwochenende auf der \u201eWilden Rodach\u201c in Wallenfels &#8211; (3. Anlauf) <\/span><\/td>\n<td><span style=\"font-size: 14px; color: #c2bebe;\"> <a href=\"http:\/\/cr-letzteherren.de\/?page_id=1026\">Galerie<\/a> <\/span><\/td>\n<\/tr>\n<tr>\n<td><\/td>\n<td><span style=\"font-size: 14px;\">Mai<\/span><\/td>\n<td><span style=\"font-size: 14px;\">Hansi Tacken fehlt in unserer Mitte&#8230;<\/span><\/td>\n<td><\/td>\n<\/tr>\n<tr>\n<td><\/td>\n<td><span style=\"font-size: 14px;\">10. April<\/span><\/td>\n<td><span style=\"font-size: 14px;\">Fr\u00fchjahrs-Fr\u00fchst\u00fcck der &#8222;Letzten Herren&#8220;<\/span><\/td>\n<td><span style=\"font-size: 14px; color: #c2bebe;\"> <a href=\"http:\/\/cr-letzteherren.de\/?page_id=1026\">Galerie<\/a> <\/span><\/td>\n<\/tr>\n<tr style=\"border-color: #000000; font-size: 20px; background-color: #9bcfa0;\">\n<td colspan=\"4\">2021<\/td>\n<\/tr>\n<tr>\n<td><\/td>\n<td><span style=\"font-size: 14px;\">27. November<br \/>\n<\/span><\/td>\n<td><span style=\"font-size: 14px;\">Weihnachtsfeier im Club (findet statt)<\/span><\/td>\n<td><span style=\"font-size: 14px; color: #c2bebe;\"> <a href=\"http:\/\/cr-letzteherren.de\/?page_id=1026\">Galerie<\/a> <\/span><\/td>\n<\/tr>\n<tr>\n<td><\/td>\n<td><span style=\"font-size: 14px;\">Juli \/ August<\/span><\/td>\n<td><span style=\"font-size: 14px;\">Sommerfest der &#8222;Letzten Herren&#8220; &#8211; (leider wegen &#8222;Corona&#8220; abgesagt)<\/span><\/td>\n<td><\/td>\n<\/tr>\n<tr>\n<td><\/td>\n<td><span style=\"font-size: 14px;\">Juli<\/span><\/td>\n<td><span style=\"font-size: 14px;\">Tief traurig nehmen wir Abschied von unserem Gr\u00fcndungsmitglied Klaus Kl\u00f6nne<\/span><\/td>\n<td><\/td>\n<\/tr>\n<tr>\n<td><\/td>\n<td><span style=\"font-size: 14px;\">Juni<br \/>\n<\/span><\/td>\n<td><span style=\"font-size: 14px;\">Cameron Jones wird als neues Mitglied in den Mannschafskader aufgenommen <\/span><\/td>\n<td><\/td>\n<\/tr>\n<tr>\n<td><\/td>\n<td><span style=\"font-size: 14px;\">\u00a0<\/span><\/td>\n<td><span style=\"font-size: 14px;\">Fl\u00f6\u00dferwochenende auf der \u201eWilden Rodach\u201c in Wallenfels &#8211; (leider wegen &#8222;Corona&#8220; abgesagt)<strong>\u00a0<\/strong><\/span><\/td>\n<td><\/td>\n<\/tr>\n<tr style=\"border-color: #000000; font-size: 20px; background-color: #9bcfa0;\">\n<td colspan=\"4\">2020<\/td>\n<\/tr>\n<tr>\n<td><\/td>\n<td><span style=\"font-size: 14px;\">(28.) November, 19 Uhr<br \/>\n<\/span><\/td>\n<td><span style=\"font-size: 14px;\">Weihnachtlicher Herrenabend der LH im Club &#8211; (leider wegen &#8222;Corona&#8220; abgesagt)<\/span><\/td>\n<td><\/td>\n<\/tr>\n<tr>\n<td><\/td>\n<td><span style=\"font-size: 14px;\">Oktober (3.)<br \/>\n<\/span><\/td>\n<td><span style=\"font-size: 14px;\">RADTOUR der &#8222;Letzten Herren&#8220;<\/span><\/td>\n<td><\/td>\n<\/tr>\n<tr>\n<td><\/td>\n<td><span style=\"font-size: 14px;\">September<br \/>\n<\/span><\/td>\n<td><span style=\"font-size: 14px;\">Die &#8222;Letzten Herren&#8220; trauern um ihren treuen Weggef\u00e4hrten Rolf Breder<\/span><\/td>\n<td><\/td>\n<\/tr>\n<tr>\n<td><\/td>\n<td><span style=\"font-size: 14px;\">Juli<br \/>\n<\/span><\/td>\n<td><span style=\"font-size: 14px;\">Besuch des Jubil\u00e4umsturniers der &#8222;LIKEDEELER&#8220; in Hamburg &#8211; (leider wegen &#8222;Corona&#8220; abgesagt)<\/span><\/td>\n<td><\/td>\n<\/tr>\n<tr>\n<td><\/td>\n<td><span style=\"font-size: 14px;\">Juni<br \/>\n<\/span><\/td>\n<td><span style=\"font-size: 14px;\">Fl\u00f6\u00dferwochenende auf der \u201eWilden Rodach\u201c in Wallenfels (leider wegen &#8222;Corona&#8220; abgesagt)<\/span><\/td>\n<td><\/td>\n<\/tr>\n<tr>\n<td><\/td>\n<td><span style=\"font-size: 14px;\">April<br \/>\n<\/span><\/td>\n<td><span style=\"font-size: 14px;\">Traditionelles Fr\u00fchjahrs-Fr\u00fchst\u00fcck (leider wegen &#8222;Corona&#8220; abgesagt)<br \/>\n<\/span><\/td>\n<td><\/td>\n<\/tr>\n<tr>\n<td><\/td>\n<td><\/td>\n<td><span style=\"font-size: 14px;\">1. Digitaler Stammtisch der &#8222;Letzten Herren&#8220;<\/span><\/td>\n<td><\/td>\n<\/tr>\n<tr>\n<td><\/td>\n<td><span style=\"font-size: 14px;\">M\u00e4rz<br \/>\n<\/span><\/td>\n<td><span style=\"font-size: 14px;\">Unser langj\u00e4hriger Mannschaftskollege &#8222;Haro&#8220; ist verstorben<br \/>\n<\/span><\/td>\n<td><\/td>\n<\/tr>\n<tr style=\"border-color: #000000; font-size: 20px; background-color: #9bcfa0;\">\n<td colspan=\"4\">2019<\/td>\n<\/tr>\n<tr>\n<td><\/td>\n<td><span style=\"font-size: 14px;\">November<br \/>\n<\/span><\/td>\n<td><span style=\"font-size: 14px;\">Weihnachts-Feier im Club<\/span><\/td>\n<td><\/td>\n<\/tr>\n<tr>\n<td><\/td>\n<td><span style=\"font-size: 14px;\">Mai<\/span><\/td>\n<td><span style=\"font-size: 14px;\">Kurztrip nach Nieuwvliet in Holland<\/span><\/td>\n<td><span style=\"font-size: 14px; color: #c2bebe;\"> <a href=\"http:\/\/cr-letzteherren.de\/?page_id=1026\">Galerie<\/a> <\/span><\/td>\n<\/tr>\n<tr>\n<td><\/td>\n<td><span style=\"font-size: 14px;\">April<br \/>\n<\/span><\/td>\n<td><span style=\"font-size: 14px;\">Fr\u00fchjahrs-Fr\u00fchst\u00fcck im Club<\/span><\/td>\n<td><\/td>\n<\/tr>\n<tr>\n<td><\/td>\n<td><span style=\"font-size: 14px;\">M\u00e4rz<br \/>\n<\/span><\/td>\n<td><span style=\"font-size: 14px;\">Alexander Gr\u00f6nert, Karl Duckat und Gerd Sch\u00fcrfeld werden Mitglied der Mannschaft <\/span><\/td>\n<td><\/td>\n<\/tr>\n<tr>\n<td><\/td>\n<td><span style=\"font-size: 14px;\">Februar<br \/>\n<\/span><\/td>\n<td><span style=\"font-size: 14px;\">Besuch im Haniel-Museum Duisburg<\/span><\/td>\n<td><\/td>\n<\/tr>\n<tr>\n<td><\/td>\n<td><span style=\"font-size: 14px;\">\u00a0<\/span><\/td>\n<td><span style=\"font-size: 14px;\">Unser Gr\u00fcndungsmitglied Helmut Block verl\u00e4sst seine &#8222;Letzten Herren&#8220; f\u00fcr immer<\/span><\/td>\n<td><\/td>\n<\/tr>\n<tr style=\"border-color: #000000; font-size: 20px; background-color: #9bcfa0;\">\n<td colspan=\"4\">2018<\/td>\n<\/tr>\n<tr>\n<td><\/td>\n<td><span style=\"font-size: 14px;\">November<br \/>\n<\/span><\/td>\n<td><span style=\"font-size: 14px;\">Weihnachts-Feier im Club<\/span><\/td>\n<td><\/td>\n<\/tr>\n<tr>\n<td><\/td>\n<td><\/td>\n<td><span style=\"font-size: 14px;\">Hans G.wird aus dem aktiven &#8222;Mannschaftsdienst&#8220; verabschiedet<\/span><\/td>\n<td><\/td>\n<\/tr>\n<tr>\n<td><\/td>\n<td><span style=\"font-size: 14px;\">Oktober<\/span><\/td>\n<td><span style=\"font-size: 14px;\">Willi Heitbrink wird Mitglied der Letzten Herren<\/span><\/td>\n<td><\/td>\n<\/tr>\n<tr>\n<td><\/td>\n<td><span style=\"font-size: 14px;\">September<br \/>\n<\/span><\/td>\n<td><span style=\"font-size: 14px;\">Radtour 2018<\/span><\/td>\n<td><\/td>\n<\/tr>\n<tr>\n<td><\/td>\n<td><span style=\"font-size: 14px;\">April<\/span><\/td>\n<td><span style=\"font-size: 14px;\">Die Glorreichen &#8222;7&#8220; werden 75 !<br \/>\nEinladung nach Starnberg und M\u00fcnchen<br \/>\n<\/span><\/td>\n<td><span style=\"font-size: 14px; color: #c2bebe;\"> <a href=\"http:\/\/cr-letzteherren.de\/?page_id=1026\">Galerie<\/a> <\/span><\/td>\n<\/tr>\n<tr>\n<td><\/td>\n<td><span style=\"font-size: 14px;\"> April<br \/>\n<\/span><\/td>\n<td><span style=\"font-size: 14px;\">Fr\u00fchjahrs-Fr\u00fchst\u00fcck im Club<br \/>\n<\/span><\/td>\n<td><\/td>\n<\/tr>\n<tr>\n<td><\/td>\n<td><span style=\"font-size: 14px;\">M\u00e4rz<br \/>\n<\/span><\/td>\n<td><span style=\"font-size: 14px;\">Andreas Grothgar wird Mitglied der Letzten Herren<\/span><\/td>\n<td><\/td>\n<\/tr>\n<tr style=\"border-color: #000000; font-size: 20px; background-color: #9bcfa0;\">\n<td colspan=\"4\">2017<\/td>\n<\/tr>\n<tr>\n<td><\/td>\n<td><span style=\"font-size: 14px;\">Dezember<\/span><\/td>\n<td><span style=\"font-size: 14px;\">Weihnachts-Feier im Club<\/span><\/td>\n<td><\/td>\n<\/tr>\n<tr>\n<td><\/td>\n<td><span style=\"font-size: 14px;\">September<\/span><\/td>\n<td><span style=\"font-size: 14px;\">Radtour 2017<\/span><\/td>\n<td><\/td>\n<\/tr>\n<tr>\n<td><\/td>\n<td><span style=\"font-size: 14px;\">Mai<\/span><\/td>\n<td><span style=\"font-size: 14px;\">Schlemmer-Fahrt nach Sundern<br \/>\n<\/span><\/td>\n<td><span style=\"font-size: 14px; color: #c2bebe;\"> <a href=\"http:\/\/cr-letzteherren.de\/?page_id=1026\">Galerie<\/a> <\/span><\/td>\n<\/tr>\n<tr>\n<td><\/td>\n<td><span style=\"font-size: 14px;\">April<\/span><\/td>\n<td><span style=\"font-size: 14px;\">Fr\u00fchjahrs-Fr\u00fchst\u00fcck im Club<br \/>\n<\/span><\/td>\n<td><\/td>\n<\/tr>\n<tr style=\"border-color: #000000; font-size: 20px; background-color: #9bcfa0;\">\n<td colspan=\"4\">2016<\/td>\n<\/tr>\n<tr>\n<td><\/td>\n<td><span style=\"font-size: 14px;\">November<\/span><\/td>\n<td><span style=\"font-size: 14px;\">Weihnachts-Feier im Club<\/span><\/td>\n<td><\/td>\n<\/tr>\n<tr>\n<td><\/td>\n<td><span style=\"font-size: 14px;\">Oktober<\/span><\/td>\n<td><span style=\"font-size: 14px;\">Knut J. aus W. wird Mitglied in den &#8222;Letzten Herren&#8220;<\/span><\/td>\n<td><\/td>\n<\/tr>\n<tr>\n<td><\/td>\n<td><\/td>\n<td><span style=\"font-size: 14px;\">Radtour 2016<\/span><\/td>\n<td><\/td>\n<\/tr>\n<tr>\n<td><\/td>\n<td><span style=\"font-size: 14px;\">September<\/span><\/td>\n<td><span style=\"font-size: 14px;\">Fr\u00fchst\u00fcck im Club aus Anlass des 80. Geburtstages von Helmut, Rolf und Heiner<\/span><\/td>\n<td><\/td>\n<\/tr>\n<tr>\n<td><\/td>\n<td><span style=\"font-size: 14px;\">August<\/span><\/td>\n<td><span style=\"font-size: 14px;\">HerbiesDay<\/span><\/td>\n<td><\/td>\n<\/tr>\n<tr>\n<td><\/td>\n<td><span style=\"font-size: 14px;\">Juli<br \/>\n<\/span><\/td>\n<td><span style=\"font-size: 14px;\">Historisches Hockeyspiel: &#8222;Letzte Letzte Herren&#8220; gegen &#8222;Aktuelle Letzte Herren&#8220;<br \/>\n<\/span><\/td>\n<td><span style=\"font-size: 14px; color: #c2bebe;\"> <a href=\"http:\/\/cr-letzteherren.de\/?page_id=1026\">Galerie<\/a> <\/span><\/td>\n<\/tr>\n<tr>\n<td><\/td>\n<td><span style=\"font-size: 14px;\">April<br \/>\n<\/span><\/td>\n<td><span style=\"font-size: 14px;\">Fr\u00fchjahrs-Fr\u00fchst\u00fcck im Club<br \/>\n<\/span><\/td>\n<td><\/td>\n<\/tr>\n<tr>\n<td><\/td>\n<td><span style=\"font-size: 14px;\">Februar<br \/>\n<\/span><\/td>\n<td><span style=\"font-size: 14px;\">Spiel bei SW K\u00f6ln<br \/>\n<\/span><\/td>\n<td><span style=\"font-size: 14px; color: #c2bebe;\"> <a href=\"http:\/\/cr-letzteherren.de\/?page_id=1026\">Galerie<\/a> <\/span><\/td>\n<\/tr>\n<tr style=\"border-color: #000000; font-size: 20px; background-color: #9bcfa0;\">\n<td colspan=\"4\">2015<\/td>\n<\/tr>\n<tr>\n<td><\/td>\n<td><span style=\"font-size: 14px;\">November<\/span><\/td>\n<td><span style=\"font-size: 14px;\">Lucky Pitsch ist verstorben<\/span><\/td>\n<td><\/td>\n<\/tr>\n<tr>\n<td><\/td>\n<td><span style=\"font-size: 14px;\">Oktober<\/span><\/td>\n<td><span style=\"font-size: 14px;\">Johannes P. verl\u00e4sst den Spielerkader<\/span><\/td>\n<td><\/td>\n<\/tr>\n<tr>\n<td><\/td>\n<td><span style=\"font-size: 14px;\">September<\/span><\/td>\n<td><span style=\"font-size: 14px;\">Fahrt zum MSC nach Schwabing<\/span><\/td>\n<td><span style=\"font-size: 14px; color: #c2bebe;\"> <a href=\"http:\/\/cr-letzteherren.de\/?page_id=1026\">Galerie<\/a> <\/span><\/td>\n<\/tr>\n<tr>\n<td><\/td>\n<td><\/td>\n<td><span style=\"font-size: 14px;\">Radtour 2015<br \/>\n<\/span><\/td>\n<td><\/td>\n<\/tr>\n<tr>\n<td><\/td>\n<td><span style=\"font-size: 14px;\">Mai<\/span><\/td>\n<td><span style=\"font-size: 14px;\">Weintour nach Bernkastel-Kues<\/span><\/td>\n<td><span style=\"font-size: 14px; color: #c2bebe;\"> <a href=\"http:\/\/cr-letzteherren.de\/?page_id=1026\">Galerie<\/a> <\/span><\/td>\n<\/tr>\n<tr>\n<td><\/td>\n<td><span style=\"font-size: 14px;\">April<\/span><\/td>\n<td><span style=\"font-size: 14px;\">Fr\u00fchjahrs-Fr\u00fchst\u00fcck im Club<br \/>\n<\/span><\/td>\n<td><\/td>\n<\/tr>\n<tr>\n<td><\/td>\n<td><span style=\"font-size: 14px;\">Februar<\/span><\/td>\n<td><span style=\"font-size: 14px;\">Beisetzung Hansl R\u00f6chling<\/span><\/td>\n<td><\/td>\n<\/tr>\n<tr style=\"border-color: #000000; font-size: 20px; background-color: #9bcfa0;\">\n<td colspan=\"4\">2014<\/td>\n<\/tr>\n<tr>\n<td><\/td>\n<td><span style=\"font-size: 14px;\">Oktober<\/span><\/td>\n<td><span style=\"font-size: 14px;\">Markus \u00fcbernimmt die Protokoll-F\u00fchrung<\/span><\/td>\n<td><\/td>\n<\/tr>\n<tr>\n<td><\/td>\n<td><\/td>\n<td><span style=\"font-size: 14px;\">Dieter Buschmann verl\u00e4sst uns<\/span><\/td>\n<td><\/td>\n<\/tr>\n<tr>\n<td><\/td>\n<td><\/td>\n<td><span style=\"font-size: 14px;\">Neuaufnahme Willi Passen<\/span><\/td>\n<td><\/td>\n<\/tr>\n<tr>\n<td><\/td>\n<td><\/td>\n<td><span style=\"font-size: 14px;\">Aufnahme Michael Karlshaus als &#8222;Vollmitglied&#8220;<\/span><\/td>\n<td><\/td>\n<\/tr>\n<tr>\n<td><\/td>\n<td><span style=\"font-size: 14px;\">September<\/span><\/td>\n<td><span style=\"font-size: 14px;\">Radtour 2014<\/span><\/td>\n<td><span style=\"font-size: 14px; color: #c2bebe;\"> <a href=\"http:\/\/cr-letzteherren.de\/?page_id=1026\">Galerie<\/a> <\/span><\/td>\n<\/tr>\n<tr>\n<td><\/td>\n<td><span style=\"font-size: 14px;\">M\u00e4rz<\/span><\/td>\n<td><span style=\"font-size: 14px;\">Neuaufnahme Ulf van Geffen<\/span><\/td>\n<td><\/td>\n<\/tr>\n<tr>\n<td><\/td>\n<td><\/td>\n<td><span style=\"font-size: 14px;\">Neuaufnahme Niels Schepers <\/span><\/td>\n<td><\/td>\n<\/tr>\n<tr style=\"border-color: #000000; font-size: 20px; background-color: #9bcfa0;\">\n<td colspan=\"4\">2013<\/td>\n<\/tr>\n<tr>\n<td><\/td>\n<td><span style=\"font-size: 14px;\">Oktober<\/span><\/td>\n<td><span style=\"font-size: 14px;\">Fahrt nach Marbella<\/span><\/td>\n<td><span style=\"font-size: 14px; color: #c2bebe;\"> <a href=\"http:\/\/cr-letzteherren.de\/?page_id=1026\">Galerie<\/a> <\/span><\/td>\n<\/tr>\n<tr>\n<td><\/td>\n<td><\/td>\n<td><span style=\"font-size: 14px;\">Johannes \u00fcbernimmt von Helmut die Kasse<\/span><\/td>\n<td><\/td>\n<\/tr>\n<tr>\n<td><\/td>\n<td><span style=\"font-size: 14px;\">Juni<\/span><\/td>\n<td><span style=\"font-size: 14px;\">Sommerfest bei Kui<\/span><\/td>\n<td><span style=\"font-size: 14px; color: #c2bebe;\"> <a href=\"http:\/\/cr-letzteherren.de\/?page_id=1026\">Galerie<\/a> <\/span><\/td>\n<\/tr>\n<tr>\n<td><\/td>\n<td><span style=\"font-size: 14px;\">Februar<\/span><\/td>\n<td><span style=\"font-size: 14px;\">Kui \u00fcbernimmt von Hansi die Pr\u00e4sidentschaft<\/span><\/td>\n<td><\/td>\n<\/tr>\n<tr>\n<td><\/td>\n<td><\/td>\n<td><span style=\"font-size: 14px;\">Neuaufnahme Norbert Hermanutz<\/span><\/td>\n<td><\/td>\n<\/tr>\n<tr style=\"border-color: #000000; font-size: 20px; background-color: #9bcfa0;\">\n<td colspan=\"4\">2012<\/td>\n<\/tr>\n<tr>\n<td><\/td>\n<td><span style=\"font-size: 14px;\">September<\/span><\/td>\n<td><span style=\"font-size: 14px;\">Radtour 2012<br \/>\n<\/span><\/td>\n<td><span style=\"font-size: 14px; color: #c2bebe;\"> <a href=\"http:\/\/cr-letzteherren.de\/?page_id=1026\">Galerie<\/a> <\/span><\/td>\n<\/tr>\n<tr>\n<td><\/td>\n<td><span style=\"font-size: 14px;\"> August<\/span><\/td>\n<td><span style=\"font-size: 14px;\">Besuch der Pitterm\u00e4nner<\/span><\/td>\n<td><span style=\"font-size: 14px; color: #c2bebe;\"> <a href=\"http:\/\/cr-letzteherren.de\/?page_id=1026\">Galerie<\/a> <\/span><\/td>\n<\/tr>\n<tr>\n<td><\/td>\n<td><\/td>\n<td><span style=\"font-size: 14px;\">Neuaufnahme Ralf Wetzm\u00fcller<\/span><\/td>\n<td><\/td>\n<\/tr>\n<tr style=\"border-color: #000000; font-size: 20px; background-color: #9bcfa0;\">\n<td colspan=\"4\">2011<\/td>\n<\/tr>\n<tr>\n<td><\/td>\n<td><span style=\"font-size: 14px;\">Dezember<\/span><\/td>\n<td><span style=\"font-size: 14px;\">Weihnachtsfeier im Club<\/span><\/td>\n<td><span style=\"font-size: 14px; color: #c2bebe;\"> <a href=\"http:\/\/cr-letzteherren.de\/?page_id=1026\">Galerie<\/a> <\/span><\/td>\n<\/tr>\n<tr>\n<td><\/td>\n<td><span style=\"font-size: 14px;\">November<\/span><\/td>\n<td><span style=\"font-size: 14px;\">Neuaufnahme Manfred Teichelkamp<\/span><\/td>\n<td><\/td>\n<\/tr>\n<tr>\n<td><\/td>\n<td><span style=\"font-size: 14px;\"> August<\/span><\/td>\n<td><span style=\"font-size: 14px;\">Sommerfest bei Marcus<\/span><\/td>\n<td><span style=\"font-size: 14px; color: #c2bebe;\"> <a href=\"http:\/\/cr-letzteherren.de\/?page_id=1026\">Galerie<\/a> <\/span><\/td>\n<\/tr>\n<tr style=\"border-color: #000000; font-size: 20px; background-color: #9bcfa0;\">\n<td colspan=\"4\">2010<\/td>\n<\/tr>\n<tr>\n<td><\/td>\n<td><span style=\"font-size: 14px;\">November<\/span><\/td>\n<td><span style=\"font-size: 14px;\">Besuch beim MSC M\u00fcnchen in Schwabing<\/span><\/td>\n<td><span style=\"font-size: 14px; color: #c2bebe;\"> <a href=\"http:\/\/cr-letzteherren.de\/?page_id=1026\">Galerie<\/a> <\/span><\/td>\n<\/tr>\n<tr>\n<td><\/td>\n<td><span style=\"font-size: 14px;\"> August<\/span><\/td>\n<td><span style=\"font-size: 14px;\">Radtour 2010<br \/>\n<\/span><\/td>\n<td><span style=\"font-size: 14px; color: #c2bebe;\"> <a href=\"http:\/\/cr-letzteherren.de\/?page_id=1026\">Galerie<\/a> <\/span><\/td>\n<\/tr>\n<tr style=\"border-color: #000000; font-size: 20px; background-color: #9bcfa0;\">\n<td colspan=\"4\">2008<\/td>\n<\/tr>\n<tr>\n<td><\/td>\n<td><span style=\"font-size: 14px;\"> Mai<\/span><\/td>\n<td><span style=\"font-size: 14px;\">Wiedersehen mit Freunden im CR<br \/>\n<\/span><\/td>\n<td><span style=\"font-size: 14px; color: #c2bebe;\"> <a href=\"http:\/\/cr-letzteherren.de\/?page_id=1026\">Galerie<\/a> <\/span><\/td>\n<\/tr>\n<tr style=\"border-color: #000000; font-size: 20px; background-color: #9bcfa0;\">\n<td colspan=\"4\">2006<\/td>\n<\/tr>\n<tr>\n<td><\/td>\n<td><span style=\"font-size: 14px;\"> M\u00e4rz<\/span><\/td>\n<td><span style=\"font-size: 14px;\"> Zielfest beim DSC<br \/>\n<\/span><\/td>\n<td><span style=\"font-size: 14px; color: #c2bebe;\"> <a href=\"http:\/\/cr-letzteherren.de\/?page_id=1026\">Galerie<\/a> <\/span><\/td>\n<\/tr>\n<tr style=\"border-color: #000000; font-size: 20px; background-color: #9bcfa0;\">\n<td colspan=\"4\">2005<\/td>\n<\/tr>\n<tr>\n<td><\/td>\n<td><span style=\"font-size: 14px;\"> November<\/span><\/td>\n<td><span style=\"font-size: 14px;\">Abschied aus der &#8222;Hockey-Bierrunde&#8220;<\/span><\/td>\n<td><span style=\"font-size: 14px; color: #c2bebe;\"> <a href=\"http:\/\/cr-letzteherren.de\/?page_id=1026\">Galerie<\/a> <\/span><\/td>\n<\/tr>\n<tr style=\"border-color: #000000; font-size: 20px; background-color: #9bcfa0;\">\n<td colspan=\"4\">2001<\/td>\n<\/tr>\n<tr>\n<td><\/td>\n<td><span style=\"font-size: 14px;\"> August<\/span><\/td>\n<td><span style=\"font-size: 14px;\">Bierrunden-Zielfest in Leverkusen<br \/>\n<\/span><\/td>\n<td><span style=\"font-size: 14px; color: #c2bebe;\"> <a href=\"http:\/\/cr-letzteherren.de\/?page_id=1026\">Galerie<\/a> <\/span><\/td>\n<\/tr>\n<tr style=\"border-color: #000000; font-size: 20px; background-color: #9bcfa0;\">\n<td style=\"text-align: center;\" colspan=\"4\"><span style=\"font-size: 15px;\"><a href=\"http:\/\/cr-letzteherren.de\/?page_id=1937\">*** Die Geschichte der Bierrunde ***<\/a><\/span><\/td>\n<\/tr>\n<\/tbody>\n<\/table>\n","protected":false},"excerpt":{"rendered":"<p>&nbsp; Da l\u00e4uft noch was\u2026 Die Mannschaft im Wandel der Zeit&#8230; (Mannschafts-Fotos) 2025 22. November Weihnachtsfeier im Club 27. Sept. Radtour (Start 11.00 an Club) &#8211; f\u00e4llt leider aus 09. July Unser Mannschaftskamerad Reiner Schmidt ist heute verstorben 09.-11. Mai &hellip; <a href=\"https:\/\/cr-letzteherren.de\/?page_id=62\">Weiterlesen <span class=\"meta-nav\">&rarr;<\/span><\/a><\/p>\n","protected":false},"author":1,"featured_media":0,"parent":0,"menu_order":0,"comment_status":"closed","ping_status":"closed","template":"sidebar-page.php","meta":{"footnotes":""},"class_list":["post-62","page","type-page","status-publish","hentry"],"_links":{"self":[{"href":"https:\/\/cr-letzteherren.de\/index.php?rest_route=\/wp\/v2\/pages\/62"}],"collection":[{"href":"https:\/\/cr-letzteherren.de\/index.php?rest_route=\/wp\/v2\/pages"}],"about":[{"href":"https:\/\/cr-letzteherren.de\/index.php?rest_route=\/wp\/v2\/types\/page"}],"author":[{"embeddable":true,"href":"https:\/\/cr-letzteherren.de\/index.php?rest_route=\/wp\/v2\/users\/1"}],"replies":[{"embeddable":true,"href":"https:\/\/cr-letzteherren.de\/index.php?rest_route=%2Fwp%2Fv2%2Fcomments&post=62"}],"version-history":[{"count":140,"href":"https:\/\/cr-letzteherren.de\/index.php?rest_route=\/wp\/v2\/pages\/62\/revisions"}],"predecessor-version":[{"id":2607,"href":"https:\/\/cr-letzteherren.de\/index.php?rest_route=\/wp\/v2\/pages\/62\/revisions\/2607"}],"wp:attachment":[{"href":"https:\/\/cr-letzteherren.de\/index.php?rest_route=%2Fwp%2Fv2%2Fmedia&parent=62"}],"curies":[{"name":"wp","href":"https:\/\/api.w.org\/{rel}","templated":true}]}}