{"id":323,"date":"2015-04-19T21:21:34","date_gmt":"2015-04-19T19:21:34","guid":{"rendered":"http:\/\/cr-letzteherren.de\/?page_id=323"},"modified":"2020-09-24T20:48:12","modified_gmt":"2020-09-24T18:48:12","slug":"anfahrt","status":"publish","type":"page","link":"https:\/\/cr-letzteherren.de\/?page_id=323","title":{"rendered":"8 Anfahrt"},"content":{"rendered":"<p style=\"text-align: center;\">Anfahrt zum Club Raffelberg<\/p>\n<p style=\"text-align: center;\"><a href=\"http:\/\/cr-letzteherren.de\/wp-content\/uploads\/2016\/02\/cranfahrt-2.gif\"><img loading=\"lazy\" decoding=\"async\" class=\"alignnone wp-image-1163\" src=\"http:\/\/cr-letzteherren.de\/wp-content\/uploads\/2016\/02\/cranfahrt-2-300x265.gif\" alt=\"cranfahrt-2\" width=\"247\" height=\"219\" srcset=\"https:\/\/cr-letzteherren.de\/wp-content\/uploads\/2016\/02\/cranfahrt-2-300x265.gif 300w, https:\/\/cr-letzteherren.de\/wp-content\/uploads\/2016\/02\/cranfahrt-2-339x300.gif 339w\" sizes=\"(max-width: 247px) 100vw, 247px\" \/><\/a><a href=\"http:\/\/cr-letzteherren.de\/wp-content\/uploads\/2015\/04\/anfahrt_cr.jpg\"><img loading=\"lazy\" decoding=\"async\" class=\" size-medium wp-image-322 aligncenter\" src=\"http:\/\/cr-letzteherren.de\/wp-content\/uploads\/2015\/04\/anfahrt_cr-300x198.jpg\" alt=\"anfahrt_cr\" width=\"300\" height=\"198\" srcset=\"https:\/\/cr-letzteherren.de\/wp-content\/uploads\/2015\/04\/anfahrt_cr-300x198.jpg 300w, https:\/\/cr-letzteherren.de\/wp-content\/uploads\/2015\/04\/anfahrt_cr-454x300.jpg 454w, https:\/\/cr-letzteherren.de\/wp-content\/uploads\/2015\/04\/anfahrt_cr.jpg 619w\" sizes=\"(max-width: 300px) 100vw, 300px\" \/><\/a><\/p>\n<p>Die Navigationsanschrift f\u00fcr die Anlagen am Kalkweg ist Kalkweg 123 bis 125, 47055 Duisburg. Die Hockeyhalle Hitzestra\u00dfe \u00fcber Hitzestra\u00dfe 23, 47055 Duisburg\/Wanheimerort und die Hockeyhalle Pappenstra\u00dfe \u00fcber Pappenstra\u00dfe 49, 47057 Duisburg\/Neudorf.<\/p>\n<p>Sie k\u00f6nnen uns mit \u00f6ffentlichen Verkehrsmitteln erreichen. Von Duisburg HBF mit der Buslinie 934 oder 923 bis Haltestelle Lintorferstr.<\/p>\n","protected":false},"excerpt":{"rendered":"<p>Anfahrt zum Club Raffelberg Die Navigationsanschrift f\u00fcr die Anlagen am Kalkweg ist Kalkweg 123 bis 125, 47055 Duisburg. Die Hockeyhalle Hitzestra\u00dfe \u00fcber Hitzestra\u00dfe 23, 47055 Duisburg\/Wanheimerort und die Hockeyhalle Pappenstra\u00dfe \u00fcber Pappenstra\u00dfe 49, 47057 Duisburg\/Neudorf. Sie k\u00f6nnen uns mit \u00f6ffentlichen &hellip; <a href=\"https:\/\/cr-letzteherren.de\/?page_id=323\">Weiterlesen <span class=\"meta-nav\">&rarr;<\/span><\/a><\/p>\n","protected":false},"author":1,"featured_media":0,"parent":0,"menu_order":0,"comment_status":"closed","ping_status":"closed","template":"sidebar-page.php","meta":{"footnotes":""},"class_list":["post-323","page","type-page","status-publish","hentry"],"_links":{"self":[{"href":"https:\/\/cr-letzteherren.de\/index.php?rest_route=\/wp\/v2\/pages\/323"}],"collection":[{"href":"https:\/\/cr-letzteherren.de\/index.php?rest_route=\/wp\/v2\/pages"}],"about":[{"href":"https:\/\/cr-letzteherren.de\/index.php?rest_route=\/wp\/v2\/types\/page"}],"author":[{"embeddable":true,"href":"https:\/\/cr-letzteherren.de\/index.php?rest_route=\/wp\/v2\/users\/1"}],"replies":[{"embeddable":true,"href":"https:\/\/cr-letzteherren.de\/index.php?rest_route=%2Fwp%2Fv2%2Fcomments&post=323"}],"version-history":[{"count":9,"href":"https:\/\/cr-letzteherren.de\/index.php?rest_route=\/wp\/v2\/pages\/323\/revisions"}],"predecessor-version":[{"id":1514,"href":"https:\/\/cr-letzteherren.de\/index.php?rest_route=\/wp\/v2\/pages\/323\/revisions\/1514"}],"wp:attachment":[{"href":"https:\/\/cr-letzteherren.de\/index.php?rest_route=%2Fwp%2Fv2%2Fmedia&parent=323"}],"curies":[{"name":"wp","href":"https:\/\/api.w.org\/{rel}","templated":true}]}}