{"id":270,"date":"2015-04-14T21:22:16","date_gmt":"2015-04-14T19:22:16","guid":{"rendered":"http:\/\/cr-letzteherren.de\/?page_id=270"},"modified":"2020-09-24T20:48:39","modified_gmt":"2020-09-24T18:48:39","slug":"impressum","status":"publish","type":"page","link":"https:\/\/cr-letzteherren.de\/?page_id=270","title":{"rendered":"Impressum"},"content":{"rendered":"<p><strong>IMPRESSUM &#8211; Datenschutzerkl\u00e4rung<br \/>\n<\/strong><\/p>\n<p><span style=\"font-family: comic sans ms,sans-serif; font-size: 12px;\">Verantwortlich f\u00fcr den Inhalt<\/span><br \/>\n<span style=\"font-family: comic sans ms,sans-serif; font-size: 12px;\">Torsten Hildebrandt \/ Ulf van Geffen<\/span><br \/>\n<span style=\"font-family: comic sans ms,sans-serif; font-size: 12px;\">(Anschrift wie unten)<\/span><\/p>\n<p><span style=\"font-family: comic sans ms,sans-serif; font-size: 12px;\">Betreiber dieser Website:<\/span><br \/>\n<span style=\"font-family: comic sans ms,sans-serif; font-size: 12px;\">Letzte Herren des Club-Raffelberg e. V.<\/span><br \/>\n<span style=\"font-family: comic sans ms,sans-serif; font-size: 12px;\">Kalkweg 123-125<\/span><br \/>\n<span style=\"font-family: comic sans ms,sans-serif; font-size: 12px;\">47055 Duisburg<\/span><\/p>\n<p><span style=\"font-family: comic sans ms,sans-serif; font-size: 12px;\">E-Mail:\u00a0<a href=\"mailto:sekretariat@club-raffelberg.de\">sekretariat@club-raffelberg.de<\/a><\/span><br \/>\n<span style=\"font-family: comic sans ms,sans-serif; font-size: 12px;\">Vertretungsberechtigter Vorstand: Torsten Hildebrandt, Ulf van Geffen<\/span><br \/>\n<span style=\"font-family: comic sans ms,sans-serif; font-size: 12px;\">Registergericht: Amtsgericht Duisburg<\/span><br \/>\n<span style=\"font-family: comic sans ms,sans-serif; font-size: 12px;\">Registernummer: 1088<\/span><\/p>\n<p><span style=\"font-family: comic sans ms,sans-serif; font-size: 12px;\">Umsatzsteuer-Identifikationsnummer gem\u00e4\u00df \u00a7 27 a Umsatzsteuergesetz: DE 119553599<\/span><\/p>\n<p><span style=\"font-family: comic sans ms,sans-serif; font-size: 12px;\">Diese Webseite wurde realisiert durch M. Karlshaus, Wuppertal unter Nutzung des Programms \u201eWORDPRESS\u201c. E-Mail-Kontakt \u00fcber <a href=\"mailto:webmaster@club-raffelberg.de\">webmaster@club-raffelberg.de<\/a><\/span><\/p>\n<p><span style=\"font-family: comic sans ms,sans-serif; font-size: 12px;\">Gem\u00e4\u00df \u00a7 28 BDSG widersprechen wir jeder kommerziellen Verwendung und Weitergabe der Daten sowie der Verwendung personenbezogenen Daten bei allen Direktmarketingunternehmen und in allen Werbeaussendungen. Wir untersagen die Nutzung oder \u00dcbermittlung der Daten f\u00fcr Zwecke der Werbung oder der Markt- oder Meinungsforschung<\/span><\/p>\n<p><span style=\"font-family: comic sans ms,sans-serif; font-size: 12px;\"><strong>Haftungshinweis:<\/strong><\/span><br \/>\n<span style=\"font-family: comic sans ms,sans-serif; font-size: 12px;\">Trotz sorgf\u00e4ltiger inhaltlicher Kontrolle \u00fcbernehmen wir keine Haftung f\u00fcr die Inhalte externer Links. F\u00fcr den Inhalt der verlinkten Seiten sind ausschlie\u00dflich deren Betreiber verantwortlich.<\/span><\/p>\n<p><span style=\"font-family: comic sans ms,sans-serif; font-size: 12px;\">Wir \u00fcbernehmen keinerlei Gew\u00e4hr f\u00fcr die Aktualit\u00e4t, Korrektheit, Vollst\u00e4ndigkeit oder Qualit\u00e4t der bereitgestellten Informationen. Haftungsanspr\u00fcche gegen den Autor, welche sich auf Sch\u00e4den materieller oder ideeller Art beziehen, die durch die Nutzung oder Nichtnutzung der dargebotenen Informationen bzw. durch die Nutzung fehlerhafter und unvollst\u00e4ndiger Informationen verursacht wurden, sind grunds\u00e4tzlich ausgeschlossen, sofern seitens des Autors kein nachweislich vors\u00e4tzliches oder grob fahrl\u00e4ssiges Verschulden vorliegt.<\/span><br \/>\n<span style=\"font-family: comic sans ms,sans-serif; font-size: 12px;\">Wir behalten es uns ausdr\u00fccklich vor, Teile der Seiten oder das gesamte Angebot ohne gesonderte Ank\u00fcndigung zu ver\u00e4ndern, zu erg\u00e4nzen, zu l\u00f6schen oder die Ver\u00f6ffentlichung zeitweise oder endg\u00fcltig einzustellen.<\/span><\/p>\n<p><span style=\"font-family: comic sans ms,sans-serif; font-size: 12px;\">Die Eingabe pers\u00f6nlicher Daten (E-Mailadressen, Namen, Anschriften) seitens des Nutzers erfolgt ausdr\u00fccklich auf freiwilliger Basis. Die Inanspruchnahme aller angebotenen Dienste ist \u2013 soweit technisch m\u00f6glich und zumutbar \u2013 auch ohne Angabe solcher Daten bzw. unter Angabe anonymisierter Daten oder eines Pseudonyms gestattet. Die Nutzung der im Rahmen des Impressums oder vergleichbarer Angaben ver\u00f6ffentlichten Kontaktdaten wie Postanschriften, Telefon- und Faxnummern sowie Emailadressen durch Dritte zur \u00dcbersendung von nicht ausdr\u00fccklich angeforderten Informationen ist nicht gestattet.<\/span><\/p>\n<p><strong>Datenschutzerkl\u00e4rung<\/strong><\/p>\n<p><span style=\"font-family: comic sans ms,sans-serif; font-size: 12px;\"><strong>Allgemeiner Hinweis und Pflichtinformationen<\/strong><\/span><\/p>\n<p><span style=\"font-family: comic sans ms,sans-serif; font-size: 12px;\"><strong>Benennung der verantwortlichen Stelle<\/strong><\/span><\/p>\n<p><span style=\"font-family: comic sans ms,sans-serif; font-size: 12px;\">Die verantwortliche Stelle f\u00fcr die Datenverarbeitung auf dieser Website ist:<\/span><\/p>\n<p><span style=\"font-family: comic sans ms,sans-serif; font-size: 12px;\">Letzte Herren des Club Raffelberg e.V.<\/span><br \/>\n<span style=\"font-family: comic sans ms,sans-serif; font-size: 12px;\">Kalkweg 123-125<\/span><br \/>\n<span style=\"font-family: comic sans ms,sans-serif; font-size: 12px;\">47055 Duisburg<\/span><\/p>\n<p><span style=\"font-family: comic sans ms,sans-serif; font-size: 12px;\">Die verantwortliche Stelle entscheidet allein oder gemeinsam mit anderen \u00fcber die Zwecke und Mittel der Verarbeitung von personenbezogenen Daten (z.B. Namen, Kontaktdaten o. \u00c4.).<\/span><\/p>\n<p><span style=\"font-family: comic sans ms,sans-serif; font-size: 12px;\"><strong>Widerruf Ihrer Einwilligung zur Datenverarbeitung<\/strong><\/span><\/p>\n<p><span style=\"font-family: comic sans ms,sans-serif; font-size: 12px;\">Nur mit Ihrer ausdr\u00fccklichen Einwilligung sind einige Vorg\u00e4nge der Datenverarbeitung m\u00f6glich. Ein Widerruf Ihrer bereits erteilten Einwilligung ist jederzeit m\u00f6glich. F\u00fcr den Widerruf gen\u00fcgt eine formlose Mitteilung per E-Mail. Die Rechtm\u00e4\u00dfigkeit der bis zum Widerruf erfolgten Datenverarbeitung bleibt vom Widerruf unber\u00fchrt.<\/span><\/p>\n<p><span style=\"font-family: comic sans ms,sans-serif; font-size: 12px;\"><strong>Recht auf Beschwerde bei der zust\u00e4ndigen Aufsichtsbeh\u00f6rde<\/strong><\/span><\/p>\n<p><span style=\"font-family: comic sans ms,sans-serif; font-size: 12px;\">Als Betroffener steht Ihnen im Falle eines datenschutzrechtlichen Versto\u00dfes ein Beschwerderecht bei der zust\u00e4ndigen Aufsichtsbeh\u00f6rde zu. Zust\u00e4ndige Aufsichtsbeh\u00f6rde bez\u00fcglich datenschutzrechtlicher Fragen ist der Landesdatenschutzbeauftragte des Bundeslandes, in dem sich der Sitz unseres Unternehmens befindet. Der folgende Link stellt eine Liste der Datenschutzbeauftragten sowie deren Kontaktdaten bereit: <a href=\"https:\/\/www.bfdi.bund.de\/DE\/Infothek\/Anschriften_Links\/anschriften_links-node.html\">https:\/\/www.bfdi.bund.de\/DE\/Infothek\/Anschriften_Links\/anschriften_links-node.html<\/a>.<\/span><\/p>\n<p><span style=\"font-family: comic sans ms,sans-serif; font-size: 12px;\"><strong>Recht auf Daten\u00fcbertragbarkeit<\/strong><\/span><\/p>\n<p><span style=\"font-family: comic sans ms,sans-serif; font-size: 12px;\">Ihnen steht das Recht zu, Daten, die wir auf Grundlage Ihrer Einwilligung oder in Erf\u00fcllung eines Vertrags automatisiert verarbeiten, an sich oder an Dritte aush\u00e4ndigen zu lassen. Die Bereitstellung erfolgt in einem maschinenlesbaren Format. Sofern Sie die direkte \u00dcbertragung der Daten an einen anderen Verantwortlichen verlangen, erfolgt dies nur, soweit es technisch machbar ist.<\/span><\/p>\n<p><span style=\"font-family: comic sans ms,sans-serif; font-size: 12px;\"><strong>Recht auf Auskunft, Berichtigung, Sperrung, L\u00f6schung<\/strong><\/span><\/p>\n<p><span style=\"font-family: comic sans ms,sans-serif; font-size: 12px;\">Sie haben jederzeit im Rahmen der geltenden gesetzlichen Bestimmungen das Recht auf unentgeltliche Auskunft \u00fcber Ihre gespeicherten personenbezogenen Daten, Herkunft der Daten, deren Empf\u00e4nger und den Zweck der Datenverarbeitung und ggf. ein Recht auf Berichtigung, Sperrung oder L\u00f6schung dieser Daten. Diesbez\u00fcglich und auch zu weiteren Fragen zum Thema personenbezogene Daten k\u00f6nnen Sie sich jederzeit \u00fcber die im Impressum aufgef\u00fchrten Kontaktm\u00f6glichkeiten an uns wenden.<\/span><\/p>\n<p><span style=\"font-family: comic sans ms,sans-serif; font-size: 12px;\"><strong>SSL- bzw. TLS-Verschl\u00fcsselung<\/strong><\/span><\/p>\n<p><span style=\"font-family: comic sans ms,sans-serif; font-size: 12px;\">Aus Sicherheitsgr\u00fcnden und zum Schutz der \u00dcbertragung vertraulicher Inhalte, die Sie an uns als Seitenbetreiber senden, nutzt unsere Website eine SSL-bzw. TLS-Verschl\u00fcsselung. Damit sind Daten, die Sie \u00fcber diese Website \u00fcbermitteln, f\u00fcr Dritte nicht mitlesbar. Sie erkennen eine verschl\u00fcsselte Verbindung an der \u201ehttps:\/\/\u201c Adresszeile Ihres Browsers und am Schloss-Symbol in der Browserzeile.<\/span><\/p>\n<p><span style=\"font-family: comic sans ms,sans-serif; font-size: 12px;\"><strong>Server-Log-Dateien<\/strong><\/span><\/p>\n<p><span style=\"font-family: comic sans ms,sans-serif; font-size: 12px;\">In Server-Log-Dateien erhebt und speichert der Provider der Website automatisch Informationen, die Ihr Browser automatisch an uns \u00fcbermittelt. Dies sind:<\/span><\/p>\n<ul>\n<li><span style=\"font-family: comic sans ms,sans-serif; font-size: 12px;\">Besuchte Seite auf unserer Domain<\/span><\/li>\n<li><span style=\"font-family: comic sans ms,sans-serif; font-size: 12px;\">Datum und Uhrzeit der Serveranfrage<\/span><\/li>\n<li><span style=\"font-family: comic sans ms,sans-serif; font-size: 12px;\">Browsertyp und Browserversion<\/span><\/li>\n<li><span style=\"font-family: comic sans ms,sans-serif; font-size: 12px;\">Verwendetes Betriebssystem<\/span><\/li>\n<li><span style=\"font-family: comic sans ms,sans-serif; font-size: 12px;\">Referrer URL<\/span><\/li>\n<li><span style=\"font-family: comic sans ms,sans-serif; font-size: 12px;\">Hostname des zugreifenden Rechners<\/span><\/li>\n<li><span style=\"font-family: comic sans ms,sans-serif; font-size: 12px;\">IP-Adresse<\/span><\/li>\n<\/ul>\n<p><span style=\"font-family: comic sans ms,sans-serif; font-size: 12px;\">Es findet keine Zusammenf\u00fchrung dieser Daten mit anderen Datenquellen statt. Grundlage der Datenverarbeitung bildet Art. 6 Abs. 1 lit. a DSGVO, der die Verarbeitung von Daten zur Erf\u00fcllung eines Vertrags oder vorvertraglicher Ma\u00dfnahmen gestattet.<\/span><\/p>\n","protected":false},"excerpt":{"rendered":"<p>IMPRESSUM &#8211; Datenschutzerkl\u00e4rung Verantwortlich f\u00fcr den Inhalt Torsten Hildebrandt \/ Ulf van Geffen (Anschrift wie unten) Betreiber dieser Website: Letzte Herren des Club-Raffelberg e. V. Kalkweg 123-125 47055 Duisburg E-Mail:\u00a0sekretariat@club-raffelberg.de Vertretungsberechtigter Vorstand: Torsten Hildebrandt, Ulf van Geffen Registergericht: Amtsgericht Duisburg &hellip; <a href=\"https:\/\/cr-letzteherren.de\/?page_id=270\">Weiterlesen <span class=\"meta-nav\">&rarr;<\/span><\/a><\/p>\n","protected":false},"author":1,"featured_media":0,"parent":0,"menu_order":0,"comment_status":"closed","ping_status":"closed","template":"sidebar-page.php","meta":{"footnotes":""},"class_list":["post-270","page","type-page","status-publish","hentry"],"_links":{"self":[{"href":"https:\/\/cr-letzteherren.de\/index.php?rest_route=\/wp\/v2\/pages\/270"}],"collection":[{"href":"https:\/\/cr-letzteherren.de\/index.php?rest_route=\/wp\/v2\/pages"}],"about":[{"href":"https:\/\/cr-letzteherren.de\/index.php?rest_route=\/wp\/v2\/types\/page"}],"author":[{"embeddable":true,"href":"https:\/\/cr-letzteherren.de\/index.php?rest_route=\/wp\/v2\/users\/1"}],"replies":[{"embeddable":true,"href":"https:\/\/cr-letzteherren.de\/index.php?rest_route=%2Fwp%2Fv2%2Fcomments&post=270"}],"version-history":[{"count":8,"href":"https:\/\/cr-letzteherren.de\/index.php?rest_route=\/wp\/v2\/pages\/270\/revisions"}],"predecessor-version":[{"id":1746,"href":"https:\/\/cr-letzteherren.de\/index.php?rest_route=\/wp\/v2\/pages\/270\/revisions\/1746"}],"wp:attachment":[{"href":"https:\/\/cr-letzteherren.de\/index.php?rest_route=%2Fwp%2Fv2%2Fmedia&parent=270"}],"curies":[{"name":"wp","href":"https:\/\/api.w.org\/{rel}","templated":true}]}}