{"id":182,"date":"2015-04-03T19:36:03","date_gmt":"2015-04-03T17:36:03","guid":{"rendered":"http:\/\/cr-letzteherren.de\/?page_id=182"},"modified":"2025-06-25T16:45:58","modified_gmt":"2025-06-25T14:45:58","slug":"start","status":"publish","type":"page","link":"https:\/\/cr-letzteherren.de\/","title":{"rendered":"1 Letzte Herren"},"content":{"rendered":"<p style=\"text-align: center;\"><span style=\"font-family: comic sans ms,sans-serif; font-size: 12px;\"> <a style=\"color: #0a500a;\" href=\"http:\/\/cr-letzteherren.de\/?page_id=1065\">Zur Seite<\/a> <\/span><\/p>\n<p style=\"text-align: center;\"><span style=\"font-family: comic sans ms,sans-serif; color: #0a500a; font-size: 36px;\"> Die Letzten Herren <\/span><br \/>\n<span style=\"font-family: comic sans ms,sans-serif; color: #0a500a; font-size: 20px;\"> des <\/span><br \/>\n<span style=\"font-family: comic sans ms,sans-serif; color: #0a500a; font-size: 28px;\"> Club Raffelberg <\/span><br \/>\n<span style=\"font-family: comic sans ms,sans-serif; color: #0a500a; font-size: 28px;\"> Duisburg <\/span><\/p>\n<p style=\"text-align: center; border: 0px; margin: 0px;\"><span style=\"font-family: comic sans ms,sans-serif;\"> <img loading=\"lazy\" decoding=\"async\" src=\"http:\/\/cr-letzteherren.de\/wp-content\/uploads\/2015\/03\/DHB.jpg\" alt=\"\" width=\"51\" height=\"37\" \/> <\/span><br \/>\n<span style=\"font-family: comic sans ms,sans-serif; color: #0a500a; font-size: 16px;\"> Offizieller Trainingspartner der M65-Nationalmannschaft<br \/>\n<\/span><\/p>\n<p>&nbsp;<\/p>\n<p style=\"text-align: center;\"><a href=\"https:\/\/cr-letzteherren.de\/?page_id=2031\"><span style=\"font-family: comic sans ms,sans-serif; color: #0a500a; font-size: 28px;\">Spielplan <\/span><\/a><br \/>\n<a href=\"https:\/\/www.spielerplus.de\/l\/280877\/t3oKBz9KxI\" target=\"_blank\" rel=\"noopener noreferrer\"><br \/>\n<span style=\"font-family: comic sans ms,sans-serif; color: #0a500a; font-size: 18px;\">Yes, I can\u00a0 (APP Spielerplus)<\/span><\/a><\/p>\n<p style=\"text-align: center;\"><a href=\"http:\/\/cr-letzteherren.de\/?page_id=62\"><span style=\"font-family: comic sans ms,sans-serif; color: #0a500a; font-size: 22px;\">Da l\u00e4uft noch was !!!<\/span><\/a><\/p>\n<p><!-- ################ Beginn Weihnachten 2024  ################\n\n\n<p style=\"text-align: center; border: 0px; margin: 0px;\"><a href=\"http:\/\/cr-letzteherren.de\/wp-content\/uploads\/2024\/12\/2024-Weihnachten.jpg\"><img loading=\"lazy\" decoding=\"async\" class=\"alignnone size-full wp-image-2522\" src=\"http:\/\/cr-letzteherren.de\/wp-content\/uploads\/2024\/12\/2024-Weihnachten.jpg\" alt=\"\" width=\"1863\" height=\"1371\" srcset=\"https:\/\/cr-letzteherren.de\/wp-content\/uploads\/2024\/12\/2024-Weihnachten.jpg 1863w, https:\/\/cr-letzteherren.de\/wp-content\/uploads\/2024\/12\/2024-Weihnachten-300x221.jpg 300w, https:\/\/cr-letzteherren.de\/wp-content\/uploads\/2024\/12\/2024-Weihnachten-1024x754.jpg 1024w, https:\/\/cr-letzteherren.de\/wp-content\/uploads\/2024\/12\/2024-Weihnachten-768x565.jpg 768w, https:\/\/cr-letzteherren.de\/wp-content\/uploads\/2024\/12\/2024-Weihnachten-1536x1130.jpg 1536w, https:\/\/cr-letzteherren.de\/wp-content\/uploads\/2024\/12\/2024-Weihnachten-408x300.jpg 408w\" sizes=\"(max-width: 1863px) 100vw, 1863px\" \/><\/a><\/p>\n\n\n\n\n<p style=\"text-align: center; border: 0px; margin: 0px;\"><span style=\"font-family: comic sans ms,sans-serif; color: #008000;\">\n--><\/p>\n<p><!-- ################ Beginn Weltmeister \u00dc70 ################ --><\/p>\n<p style=\"text-align: center; border: 0px; margin: 0px;\"><span style=\"font-family: comic sans ms,sans-serif; color: #008000;\">Unsere \u00dc70-Weltmeister !!!<\/span><br \/>\n<a href=\"http:\/\/cr-letzteherren.de\/wp-content\/uploads\/2024\/10\/UE70Weltmeister.jpg\"><img loading=\"lazy\" decoding=\"async\" class=\"alignnone wp-image-2508\" src=\"http:\/\/cr-letzteherren.de\/wp-content\/uploads\/2024\/10\/UE70Weltmeister.jpg\" alt=\"\" width=\"360\" height=\"477\" \/><\/a><\/p>\n<p><!-- ######## Beginn Radtour 2024 ######### --><\/p>\n<p style=\"text-align: center; border: 0px; margin: 0px;\"><span style=\"font-family: comic sans ms,sans-serif; color: #008000;\">Radtour 2024<\/span><a href=\"http:\/\/cr-letzteherren.de\/wp-content\/uploads\/2024\/10\/Radtour-2024.jpg\"><br \/>\n<img loading=\"lazy\" decoding=\"async\" class=\"alignnone size-full wp-image-2508\" src=\"http:\/\/cr-letzteherren.de\/wp-content\/uploads\/2024\/10\/Radtour-2024.jpg\" alt=\"\" width=\"463\" height=\"350\" \/><\/a><\/p>\n<p><!-- ########## Beginn Goodbye ########## --><\/p>\n<p style=\"text-align: center; border: 0px; margin: 0px;\"><span style=\"font-family: comic sans ms,sans-serif; color: #008000;\">Time to say Goodbye (Ende der aktiven Laufbahn)<\/span><\/p>\n<p style=\"text-align: center; border: 0px; margin: 0px;\"><img loading=\"lazy\" decoding=\"async\" class=\"alignnone wp-image-2448\" src=\"http:\/\/cr-letzteherren.de\/wp-content\/uploads\/2023\/10\/IMG_6381-scaled.jpg\" alt=\"\" width=\"463\" height=\"350\" \/><\/p>\n<p style=\"text-align: center; border: 0px; margin: 0px;\"><span style=\"font-family: comic sans ms,sans-serif; color: #008000;\">Horst Kl\u00f6nne &#8211; Klaus Gillhausen &#8211; Michael Karlshaus<\/span><\/p>\n<p><!-- ######## Beginn Namens-WirrWarr ####### --><\/p>\n<p style=\"text-align: center;\"><img loading=\"lazy\" decoding=\"async\" src=\"http:\/\/cr-letzteherren.de\/wp-content\/uploads\/2016\/04\/20160411LH-MaFoto-bpreplay-2-65.jpg\" alt=\"\" width=\"648\" height=\"420\" \/><\/p>\n","protected":false},"excerpt":{"rendered":"<p>Zur Seite Die Letzten Herren des Club Raffelberg Duisburg Offizieller Trainingspartner der M65-Nationalmannschaft &nbsp; Spielplan Yes, I can\u00a0 (APP Spielerplus) Da l\u00e4uft noch was !!! Unsere \u00dc70-Weltmeister !!! Radtour 2024 Time to say Goodbye (Ende der aktiven Laufbahn) Horst Kl\u00f6nne &hellip; <a href=\"https:\/\/cr-letzteherren.de\/\">Weiterlesen <span class=\"meta-nav\">&rarr;<\/span><\/a><\/p>\n","protected":false},"author":1,"featured_media":0,"parent":0,"menu_order":0,"comment_status":"closed","ping_status":"closed","template":"sidebar-page.php","meta":{"footnotes":""},"class_list":["post-182","page","type-page","status-publish","hentry"],"_links":{"self":[{"href":"https:\/\/cr-letzteherren.de\/index.php?rest_route=\/wp\/v2\/pages\/182"}],"collection":[{"href":"https:\/\/cr-letzteherren.de\/index.php?rest_route=\/wp\/v2\/pages"}],"about":[{"href":"https:\/\/cr-letzteherren.de\/index.php?rest_route=\/wp\/v2\/types\/page"}],"author":[{"embeddable":true,"href":"https:\/\/cr-letzteherren.de\/index.php?rest_route=\/wp\/v2\/users\/1"}],"replies":[{"embeddable":true,"href":"https:\/\/cr-letzteherren.de\/index.php?rest_route=%2Fwp%2Fv2%2Fcomments&post=182"}],"version-history":[{"count":376,"href":"https:\/\/cr-letzteherren.de\/index.php?rest_route=\/wp\/v2\/pages\/182\/revisions"}],"predecessor-version":[{"id":2527,"href":"https:\/\/cr-letzteherren.de\/index.php?rest_route=\/wp\/v2\/pages\/182\/revisions\/2527"}],"wp:attachment":[{"href":"https:\/\/cr-letzteherren.de\/index.php?rest_route=%2Fwp%2Fv2%2Fmedia&parent=182"}],"curies":[{"name":"wp","href":"https:\/\/api.w.org\/{rel}","templated":true}]}}