{"id":1065,"date":"2015-07-08T21:10:46","date_gmt":"2015-07-08T19:10:46","guid":{"rendered":"http:\/\/cr-letzteherren.de\/?page_id=1065"},"modified":"2020-09-25T10:00:38","modified_gmt":"2020-09-25T08:00:38","slug":"homepage-praeambel","status":"publish","type":"page","link":"https:\/\/cr-letzteherren.de\/?page_id=1065","title":{"rendered":"0 Homepage-Pr\u00e4ambel"},"content":{"rendered":"<p class=\"MsoNormal\">\u00a0 <strong><span style=\"font-size: 16pt; font-family: 'Calibri','sans-serif';\">\u201eHomepage-Pr\u00e4ambel\u201c<\/span><\/strong><\/p>\n<div class=\"WordSection1\">\n<p class=\"MsoNormal\" style=\"text-align: justify;\"><span style=\"font-size: 11.0pt; font-family: 'Calibri','sans-serif';\">Der Autor hat sich in weiten Teilen an die Entwicklung der Homepage des Club Raffelberg angelehnt. Dennoch handelt es sich um einen eigenst\u00e4ndigen Internet-Auftritt, bei dem\u00a0 weitestgehend auf \u201espektakul\u00e4re Highlights\u201c und \u201emodischen Schnick-Schnack\u201c verzichtet wurde.<\/span><\/p>\n<p class=\"MsoNormal\" style=\"text-align: justify;\"><span style=\"font-size: 11.0pt; font-family: 'Calibri','sans-serif';\">Unter dem Men\u00fcpunkt &#8222;UNTER UNS&#8220;, dessen Aufruf mit einem Passwort gesch\u00fctzt ist, wurden Daten abgelegt, die nur von den Mannschaftsmitgliedern eingesehen werden k\u00f6nnen. Dazu geh\u00f6ren Adresslisten sowie\u00a0die Daten unseres Mannschaftskontos.<br \/>\n<\/span><\/p>\n<p class=\"MsoNormal\" style=\"text-align: justify;\"><span style=\"font-size: 11.0pt; font-family: 'Calibri','sans-serif';\">Die Adressliste wird vom Webmaster jeweils nach den Mannschafts-Sitzungen aktualisiert. Sie kann \u00fcber die Homepage eingesehen, heruntergelden und ausgedruckt werden.<\/span><\/p>\n<p class=\"MsoNormal\" style=\"text-align: justify;\"><span style=\"font-size: 11.0pt; font-family: 'Calibri','sans-serif';\">Die 7 Sterne in der linken Homepage-Leiste stehen nicht nur f\u00fcr die 7 gewonnenen Bierrunden-Meisterschaften; hinter ihnen verbirgt sich auch eine Entwicklungsseite, die nur f\u00fcr den Unterzeichner aufrufbar ist. Nat\u00fcrlich sind \u00fcber die Startseite auch der aktuelle Spielplan sowie unterschiedliche Doodle-Abfragen abrufbar. Das Passwort f\u00fcr den gesch\u00fctzten Bereich \u201eUnter Uns\u201c erhaltet ihr &#8222;mit separater Post&#8220; auf Anfrage.<\/span><\/p>\n<p class=\"MsoNormal\"><span style=\"font-size: 11.0pt; font-family: 'Calibri','sans-serif';\">Und nun viel Spass bei der weiteren Nutzung!<\/span><\/p>\n<p class=\"MsoNormal\"><span style=\"font-size: 11.0pt; font-family: 'Calibri','sans-serif';\"><b><span style=\"font-size: 11.0pt; font-family: 'Calibri','sans-serif';\">Nirosta! \u2013 MKH<br \/>\nWuppertal, 04.10.2015<\/span><\/b><br \/>\n<\/span><\/p>\n<p class=\"MsoNormal\"><span style=\"font-size: 11.0pt; font-family: 'Calibri','sans-serif';\">&#8211; Die Website ist derzeit leider nur bedingt &#8222;mobile\/handy\/tablet-f\u00e4hig&#8220; &#8211;<\/span><\/p>\n<\/div>\n","protected":false},"excerpt":{"rendered":"<p>\u00a0 \u201eHomepage-Pr\u00e4ambel\u201c Der Autor hat sich in weiten Teilen an die Entwicklung der Homepage des Club Raffelberg angelehnt. Dennoch handelt es sich um einen eigenst\u00e4ndigen Internet-Auftritt, bei dem\u00a0 weitestgehend auf \u201espektakul\u00e4re Highlights\u201c und \u201emodischen Schnick-Schnack\u201c verzichtet wurde. Unter dem Men\u00fcpunkt &hellip; <a href=\"https:\/\/cr-letzteherren.de\/?page_id=1065\">Weiterlesen <span class=\"meta-nav\">&rarr;<\/span><\/a><\/p>\n","protected":false},"author":1,"featured_media":0,"parent":0,"menu_order":0,"comment_status":"closed","ping_status":"closed","template":"sidebar-page.php","meta":{"footnotes":""},"class_list":["post-1065","page","type-page","status-publish","hentry"],"_links":{"self":[{"href":"https:\/\/cr-letzteherren.de\/index.php?rest_route=\/wp\/v2\/pages\/1065"}],"collection":[{"href":"https:\/\/cr-letzteherren.de\/index.php?rest_route=\/wp\/v2\/pages"}],"about":[{"href":"https:\/\/cr-letzteherren.de\/index.php?rest_route=\/wp\/v2\/types\/page"}],"author":[{"embeddable":true,"href":"https:\/\/cr-letzteherren.de\/index.php?rest_route=\/wp\/v2\/users\/1"}],"replies":[{"embeddable":true,"href":"https:\/\/cr-letzteherren.de\/index.php?rest_route=%2Fwp%2Fv2%2Fcomments&post=1065"}],"version-history":[{"count":20,"href":"https:\/\/cr-letzteherren.de\/index.php?rest_route=\/wp\/v2\/pages\/1065\/revisions"}],"predecessor-version":[{"id":2198,"href":"https:\/\/cr-letzteherren.de\/index.php?rest_route=\/wp\/v2\/pages\/1065\/revisions\/2198"}],"wp:attachment":[{"href":"https:\/\/cr-letzteherren.de\/index.php?rest_route=%2Fwp%2Fv2%2Fmedia&parent=1065"}],"curies":[{"name":"wp","href":"https:\/\/api.w.org\/{rel}","templated":true}]}}